{"id":21,"date":"2023-08-27T11:55:22","date_gmt":"2023-08-27T11:55:22","guid":{"rendered":"https:\/\/puntmarketing.com\/plantilla\/?page_id=21"},"modified":"2026-04-01T11:44:39","modified_gmt":"2026-04-01T11:44:39","slug":"aviso-legal","status":"publish","type":"page","link":"https:\/\/licenciadeapertura.es\/ca\/aviso-legal\/","title":{"rendered":"Aviso Legal"},"content":{"rendered":"<div data-elementor-type=\"wp-page\" data-elementor-id=\"21\" class=\"elementor elementor-21\" data-elementor-post-type=\"page\">\n\t\t\t\t<div class=\"elementor-element elementor-element-3b64079 e-con-full e-flex e-con e-parent\" data-id=\"3b64079\" data-element_type=\"container\" data-e-type=\"container\">\n\t\t\t\t<div class=\"elementor-element elementor-element-87ff2cd elementor-widget elementor-widget-html\" data-id=\"87ff2cd\" data-element_type=\"widget\" data-e-type=\"widget\" data-widget_type=\"html.default\">\n\t\t\t\t<div class=\"elementor-widget-container\">\n\t\t\t\t\t<style>\r\n.lda-legal{font-family:'Plus Jakarta Sans',system-ui,sans-serif;color:#4A4A4A;line-height:1.8;max-width:780px;margin:0 auto;padding:60px 28px 90px;-webkit-font-smoothing:antialiased}\r\n.lda-legal h1{font-family:'Playfair Display',Georgia,serif;font-size:2.8rem;font-weight:700;color:#1A1A1A;margin:0 0 12px;letter-spacing:-0.02em;line-height:1.2}\r\n.lda-legal h1 em{font-style:italic;font-weight:500;color:#116F76}\r\n.lda-legal .lda-legal-date{font-size:0.925rem;color:#7A7A7A;margin:0 0 40px}\r\n.lda-legal h2{font-family:'Plus Jakarta Sans',system-ui,sans-serif;font-size:1.375rem;font-weight:700;color:#1A1A1A;margin:40px 0 16px;letter-spacing:-0.01em}\r\n.lda-legal p{font-size:1.025rem;margin:0 0 16px}\r\n.lda-legal ul{margin:0 0 16px;padding-left:24px}\r\n.lda-legal li{margin-bottom:8px;font-size:1.025rem}\r\n.lda-legal a{color:#116F76;text-decoration:underline;text-decoration-color:rgba(17,111,118,0.3)}\r\n.lda-legal a:hover{color:#0C4F54}\r\n.lda-legal strong{color:#1A1A1A}\r\n@media(max-width:600px){.lda-legal{padding:40px 20px 60px}.lda-legal h1{font-size:2rem}.lda-legal h2{font-size:1.2rem}}\r\n<\/style>\r\n\r\n<div class=\"lda-legal\">\r\n\r\n<h1>Av\u00eds <em>Legal<\/em><\/h1>\r\n<p class=\"lda-legal-date\">Darrera actualitzaci\u00f3: abril 2026<\/p>\r\n\r\n<h2>1. Dades identificatives del titular<\/h2>\r\n<p>En compliment del deure informaci\u00f3 recollit a l&#039;article 10 de la Llei 34\/2002, d&#039;11 de juliol, de Serveis de la Societat de la Informaci\u00f3 i del Comer\u00e7 Electr\u00f2nic (LSSICE), a continuaci\u00f3 es reflecteixen les dades seg\u00fcents:<\/p>\r\n<ul>\r\n  <li><strong>Titular:<\/strong> Xavier Vallcorba Busquets<\/li>\r\n  <li><strong>NIF:<\/strong> 77116589G<\/li>\r\n  <li><strong>Domicili:<\/strong> Carrer Almogavers 180, Planta 2, 08018 Barcelona<\/li>\r\n  <li><strong>Correu electr\u00f2nic:<\/strong> <a href=\"mailto:xavi@vallcorbaenginyers.com\">xavi@vallcorbaenginyers.com<\/a><\/li>\r\n  <li><strong>Tel\u00e8fon:<\/strong> +34 611 76 33 93<\/li>\r\n  <li><strong>Lloc web:<\/strong> <a href=\"https:\/\/licenciadeapertura.es\/ca\/\">licenciadeapertura.es<\/a><\/li>\r\n  <li><strong>Activitat:<\/strong> Serveis denginyeria, arquitectura i tramitaci\u00f3 de llic\u00e8ncies dobertura i activitat<\/li>\r\n<\/ul>\r\n\r\n<h2>2. Objecte<\/h2>\r\n<p>Aquest Av\u00eds Legal regula l&#039;\u00fas i l&#039;acc\u00e9s al lloc web <strong>licenciadeapertura.es<\/strong> (d&#039;ara endavant, &quot;el Lloc Web&quot;), propietat de Xavier Vallcorba Busquets. L&#039;acc\u00e9s al Lloc Web atribueix la condici\u00f3 d&#039;usuari i suposa l&#039;acceptaci\u00f3 plena i sense reserves de totes i cadascuna de les disposicions incloses en aquest Av\u00eds Legal.<\/p>\r\n\r\n<h2>3. Condicions d&#039;\u00fas<\/h2>\r\n<p>L&#039;usuari es compromet a fer un \u00fas adequat dels continguts i serveis que s&#039;ofereixen a trav\u00e9s del Lloc Web ia no fer-los servir per:<\/p>\r\n<ul>\r\n  <li>Inc\u00f3rrer en activitats il\u00b7l\u00edcites, il\u00b7legals o contr\u00e0ries a la bona fe i l&#039;ordre p\u00fablic.<\/li>\r\n  <li>Difondre continguts o propaganda de car\u00e0cter racista, xen\u00f2fob, pornogr\u00e0fic, d&#039;apologia del terrorisme o atemptatori contra els drets humans.<\/li>\r\n  <li>Provocar danys als sistemes f\u00edsics i l\u00f2gics del Lloc Web, dels seus prove\u00efdors o de terceres persones.<\/li>\r\n  <li>Intentar accedir i, si escau, utilitzar els comptes de correu electr\u00f2nic daltres usuaris i modificar o manipular els seus missatges.<\/li>\r\n<\/ul>\r\n\r\n<h2>4. Propietat intel\u00b7lectual i industrial<\/h2>\r\n<p>Tots els continguts del Lloc Web, incloent-hi textos, fotografies, gr\u00e0fics, imatges, icones, tecnologia, programari, enlla\u00e7os i altres continguts audiovisuals o sonors, aix\u00ed com el seu disseny gr\u00e0fic i codis font, s\u00f3n propietat intel\u00b7lectual del titular o de tercers que n&#039;han autoritzat l&#039;\u00fas, sense que es puguin entendre cedits a l&#039;usuari cap dels drets d&#039;explotaci\u00f3 reconeguts per la normativa vigent.<\/p>\r\n<p>Les marques, noms comercials o signes distintius s\u00f3n propietat del titular o de tercers, sense que es pugui entendre que l&#039;acc\u00e9s al Lloc Web atribueix cap dret sobre aquests.<\/p>\r\n\r\n<h2>5. Exclusi\u00f3 de responsabilitat<\/h2>\r\n<p>El titular no es fa responsable de:<\/p>\r\n<ul>\r\n  <li>La manca de disponibilitat, manteniment i efectiu funcionament del Lloc Web o dels seus serveis i continguts.<\/li>\r\n  <li>La manca dutilitat, adequaci\u00f3 o validesa del Lloc Web, els seus serveis o continguts per satisfer necessitats, activitats o resultats concrets de lusuari.<\/li>\r\n  <li>L&#039;exist\u00e8ncia de virus, programes maliciosos o lesius als continguts.<\/li>\r\n  <li>L&#039;\u00fas il\u00b7l\u00edcit, negligent, fraudulent o contrari al present Av\u00eds Legal que els usuaris facin del Lloc Web.<\/li>\r\n<\/ul>\r\n<p>Els continguts informatius del Lloc Web tenen car\u00e0cter orientatiu i no substitueixen en cap cas lassessorament professional personalitzat. Cada cas requereix un estudi t\u00e8cnic espec\u00edfic.<\/p>\r\n\r\n<h2>6. Enlla\u00e7os externs<\/h2>\r\n<p>El Lloc Web pot contenir enlla\u00e7os a p\u00e0gines web de tercers. El titular no assumeix cap responsabilitat pel contingut, informacions o serveis que poguessin apar\u00e8ixer en aquests llocs, que tindran exclusivament car\u00e0cter informatiu i que en cap cas impliquen cap relaci\u00f3 entre el titular i les persones o entitats titulars d&#039;aquests continguts.<\/p>\r\n\r\n<h2>7. Legislaci\u00f3 aplicable i jurisdicci\u00f3<\/h2>\r\n<p>La relaci\u00f3 entre el titular i lusuari es regir\u00e0 per la normativa espanyola vigent. Per a la resoluci\u00f3 de qualsevol controv\u00e8rsia, les parts se sotmetran als jutjats i tribunals de Barcelona, llevat que la llei aplicable disposi una altra cosa.<\/p>\r\n\r\n<\/div>\t\t\t\t<\/div>\n\t\t\t\t<\/div>\n\t\t\t\t<\/div>\n\t\t\t\t<\/div>","protected":false},"excerpt":{"rendered":"<p>Aviso Legal \u00daltima actualizaci\u00f3n: abril 2026 1. Datos identificativos del titular En cumplimiento del deber de informaci\u00f3n recogido en el art\u00edculo 10 de la Ley 34\/2002, de 11 de julio, de Servicios de la Sociedad de la Informaci\u00f3n y del Comercio Electr\u00f3nico (LSSICE), a continuaci\u00f3n se reflejan los siguientes datos: Titular: Xavier Vallcorba Busquets NIF: [&hellip;]<\/p>\n","protected":false},"author":1,"featured_media":0,"parent":0,"menu_order":0,"comment_status":"closed","ping_status":"closed","template":"","meta":{"_acf_changed":false,"footnotes":""},"class_list":["post-21","page","type-page","status-publish","hentry"],"acf":[],"yoast_head":"<!-- This site is optimized with the Yoast SEO plugin v27.3 - https:\/\/yoast.com\/product\/yoast-seo-wordpress\/ -->\n<title>Aviso Legal | Licencia de Apertura<\/title>\n<meta name=\"description\" content=\"Aviso Legal \u00daltima actualizaci\u00f3n: abril 2026 1. Datos identificativos del titular En cumplimiento del deber de informaci\u00f3n recogido en el art\u00edculo 10 de\" \/>\n<meta name=\"robots\" content=\"index, follow, max-snippet:-1, max-image-preview:large, max-video-preview:-1\" \/>\n<link rel=\"canonical\" href=\"https:\/\/licenciadeapertura.es\/ca\/aviso-legal\/\" \/>\n<meta property=\"og:locale\" content=\"ca_ES\" \/>\n<meta property=\"og:type\" content=\"article\" \/>\n<meta property=\"og:title\" content=\"Aviso Legal | Licencia de Apertura\" \/>\n<meta property=\"og:description\" content=\"Aviso Legal \u00daltima actualizaci\u00f3n: abril 2026 1. Datos identificativos del titular En cumplimiento del deber de informaci\u00f3n recogido en el art\u00edculo 10 de\" \/>\n<meta property=\"og:url\" content=\"https:\/\/licenciadeapertura.es\/ca\/aviso-legal\/\" \/>\n<meta property=\"og:site_name\" content=\"Licencia de Apertura\" \/>\n<meta property=\"article:modified_time\" content=\"2026-04-01T11:44:39+00:00\" \/>\n<meta name=\"twitter:card\" content=\"summary_large_image\" \/>\n<meta name=\"twitter:label1\" content=\"Est. reading time\" \/>\n\t<meta name=\"twitter:data1\" content=\"3 minuts\" \/>\n<script type=\"application\/ld+json\" class=\"yoast-schema-graph\">{\"@context\":\"https:\\\/\\\/schema.org\",\"@graph\":[{\"@type\":\"WebPage\",\"@id\":\"https:\\\/\\\/licenciadeapertura.es\\\/aviso-legal\\\/\",\"url\":\"https:\\\/\\\/licenciadeapertura.es\\\/aviso-legal\\\/\",\"name\":\"Aviso Legal | Licencia de Apertura\",\"isPartOf\":{\"@id\":\"https:\\\/\\\/licenciadeapertura.es\\\/#website\"},\"datePublished\":\"2023-08-27T11:55:22+00:00\",\"dateModified\":\"2026-04-01T11:44:39+00:00\",\"description\":\"Aviso Legal \u00daltima actualizaci\u00f3n: abril 2026 1. Datos identificativos del titular En cumplimiento del deber de informaci\u00f3n recogido en el art\u00edculo 10 de\",\"breadcrumb\":{\"@id\":\"https:\\\/\\\/licenciadeapertura.es\\\/aviso-legal\\\/#breadcrumb\"},\"inLanguage\":\"ca\",\"potentialAction\":[{\"@type\":\"ReadAction\",\"target\":[\"https:\\\/\\\/licenciadeapertura.es\\\/aviso-legal\\\/\"]}]},{\"@type\":\"BreadcrumbList\",\"@id\":\"https:\\\/\\\/licenciadeapertura.es\\\/aviso-legal\\\/#breadcrumb\",\"itemListElement\":[{\"@type\":\"ListItem\",\"position\":1,\"name\":\"Punt Marketing\",\"item\":\"https:\\\/\\\/licenciadeapertura.es\\\/\"},{\"@type\":\"ListItem\",\"position\":2,\"name\":\"Aviso Legal\"}]},{\"@type\":\"WebSite\",\"@id\":\"https:\\\/\\\/licenciadeapertura.es\\\/#website\",\"url\":\"https:\\\/\\\/licenciadeapertura.es\\\/\",\"name\":\"Licencia de Apertura\",\"description\":\"Agencia de marketing digital transparente\",\"publisher\":{\"@id\":\"https:\\\/\\\/licenciadeapertura.es\\\/#organization\"},\"potentialAction\":[{\"@type\":\"SearchAction\",\"target\":{\"@type\":\"EntryPoint\",\"urlTemplate\":\"https:\\\/\\\/licenciadeapertura.es\\\/?s={search_term_string}\"},\"query-input\":{\"@type\":\"PropertyValueSpecification\",\"valueRequired\":true,\"valueName\":\"search_term_string\"}}],\"inLanguage\":\"ca\"},{\"@type\":\"Organization\",\"@id\":\"https:\\\/\\\/licenciadeapertura.es\\\/#organization\",\"name\":\"Licencia de Apertura\",\"url\":\"https:\\\/\\\/licenciadeapertura.es\\\/\",\"logo\":{\"@type\":\"ImageObject\",\"inLanguage\":\"ca\",\"@id\":\"https:\\\/\\\/licenciadeapertura.es\\\/#\\\/schema\\\/logo\\\/image\\\/\",\"url\":\"https:\\\/\\\/licenciadeapertura.es\\\/wp-content\\\/uploads\\\/2026\\\/04\\\/Licencia-de-apertura.png\",\"contentUrl\":\"https:\\\/\\\/licenciadeapertura.es\\\/wp-content\\\/uploads\\\/2026\\\/04\\\/Licencia-de-apertura.png\",\"width\":1391,\"height\":630,\"caption\":\"Licencia de Apertura\"},\"image\":{\"@id\":\"https:\\\/\\\/licenciadeapertura.es\\\/#\\\/schema\\\/logo\\\/image\\\/\"}}]}<\/script>\n<!-- \/ Yoast SEO plugin. -->","yoast_head_json":{"title":"Aviso Legal | Licencia de Apertura","description":"Aviso Legal \u00daltima actualizaci\u00f3n: abril 2026 1. Datos identificativos del titular En cumplimiento del deber de informaci\u00f3n recogido en el art\u00edculo 10 de","robots":{"index":"index","follow":"follow","max-snippet":"max-snippet:-1","max-image-preview":"max-image-preview:large","max-video-preview":"max-video-preview:-1"},"canonical":"https:\/\/licenciadeapertura.es\/ca\/aviso-legal\/","og_locale":"ca_ES","og_type":"article","og_title":"Aviso Legal | Licencia de Apertura","og_description":"Aviso Legal \u00daltima actualizaci\u00f3n: abril 2026 1. Datos identificativos del titular En cumplimiento del deber de informaci\u00f3n recogido en el art\u00edculo 10 de","og_url":"https:\/\/licenciadeapertura.es\/ca\/aviso-legal\/","og_site_name":"Licencia de Apertura","article_modified_time":"2026-04-01T11:44:39+00:00","twitter_card":"summary_large_image","twitter_misc":{"Est. reading time":"3 minuts"},"schema":{"@context":"https:\/\/schema.org","@graph":[{"@type":"WebPage","@id":"https:\/\/licenciadeapertura.es\/aviso-legal\/","url":"https:\/\/licenciadeapertura.es\/aviso-legal\/","name":"Aviso Legal | Licencia de Apertura","isPartOf":{"@id":"https:\/\/licenciadeapertura.es\/#website"},"datePublished":"2023-08-27T11:55:22+00:00","dateModified":"2026-04-01T11:44:39+00:00","description":"Aviso Legal \u00daltima actualizaci\u00f3n: abril 2026 1. Datos identificativos del titular En cumplimiento del deber de informaci\u00f3n recogido en el art\u00edculo 10 de","breadcrumb":{"@id":"https:\/\/licenciadeapertura.es\/aviso-legal\/#breadcrumb"},"inLanguage":"ca","potentialAction":[{"@type":"ReadAction","target":["https:\/\/licenciadeapertura.es\/aviso-legal\/"]}]},{"@type":"BreadcrumbList","@id":"https:\/\/licenciadeapertura.es\/aviso-legal\/#breadcrumb","itemListElement":[{"@type":"ListItem","position":1,"name":"Punt Marketing","item":"https:\/\/licenciadeapertura.es\/"},{"@type":"ListItem","position":2,"name":"Aviso Legal"}]},{"@type":"WebSite","@id":"https:\/\/licenciadeapertura.es\/#website","url":"https:\/\/licenciadeapertura.es\/","name":"Licencia de Apertura","description":"Agencia de marketing digital transparente","publisher":{"@id":"https:\/\/licenciadeapertura.es\/#organization"},"potentialAction":[{"@type":"SearchAction","target":{"@type":"EntryPoint","urlTemplate":"https:\/\/licenciadeapertura.es\/?s={search_term_string}"},"query-input":{"@type":"PropertyValueSpecification","valueRequired":true,"valueName":"search_term_string"}}],"inLanguage":"ca"},{"@type":"Organization","@id":"https:\/\/licenciadeapertura.es\/#organization","name":"Licencia de Apertura","url":"https:\/\/licenciadeapertura.es\/","logo":{"@type":"ImageObject","inLanguage":"ca","@id":"https:\/\/licenciadeapertura.es\/#\/schema\/logo\/image\/","url":"https:\/\/licenciadeapertura.es\/wp-content\/uploads\/2026\/04\/Licencia-de-apertura.png","contentUrl":"https:\/\/licenciadeapertura.es\/wp-content\/uploads\/2026\/04\/Licencia-de-apertura.png","width":1391,"height":630,"caption":"Licencia de Apertura"},"image":{"@id":"https:\/\/licenciadeapertura.es\/#\/schema\/logo\/image\/"}}]}},"_links":{"self":[{"href":"https:\/\/licenciadeapertura.es\/ca\/wp-json\/wp\/v2\/pages\/21","targetHints":{"allow":["GET"]}}],"collection":[{"href":"https:\/\/licenciadeapertura.es\/ca\/wp-json\/wp\/v2\/pages"}],"about":[{"href":"https:\/\/licenciadeapertura.es\/ca\/wp-json\/wp\/v2\/types\/page"}],"author":[{"embeddable":true,"href":"https:\/\/licenciadeapertura.es\/ca\/wp-json\/wp\/v2\/users\/1"}],"replies":[{"embeddable":true,"href":"https:\/\/licenciadeapertura.es\/ca\/wp-json\/wp\/v2\/comments?post=21"}],"version-history":[{"count":7,"href":"https:\/\/licenciadeapertura.es\/ca\/wp-json\/wp\/v2\/pages\/21\/revisions"}],"predecessor-version":[{"id":279,"href":"https:\/\/licenciadeapertura.es\/ca\/wp-json\/wp\/v2\/pages\/21\/revisions\/279"}],"wp:attachment":[{"href":"https:\/\/licenciadeapertura.es\/ca\/wp-json\/wp\/v2\/media?parent=21"}],"curies":[{"name":"wp","href":"https:\/\/api.w.org\/{rel}","templated":true}]}}